{"id":674,"date":"2024-01-22T20:21:19","date_gmt":"2024-01-22T20:21:19","guid":{"rendered":"https:\/\/comengeworkout.com\/?page_id=674"},"modified":"2026-02-27T14:23:37","modified_gmt":"2026-02-27T14:23:37","slug":"estiu-2025","status":"publish","type":"page","link":"https:\/\/comengeworkout.com\/es\/estiu-2025","title":{"rendered":"Verano 2026"},"content":{"rendered":"<div class=\"wp-block-cover alignfull\" style=\"min-height:407px;aspect-ratio:unset;\"><span aria-hidden=\"true\" class=\"wp-block-cover__background has-nv-site-bg-background-color has-background-dim-100 has-background-dim\"><\/span><div class=\"wp-block-cover__inner-container is-layout-flow wp-block-cover-is-layout-flow\">\n<h2 class=\"wp-block-heading\">Verano 2026<\/h2>\n\n\n\n<p>La academia de baloncesto COMENGE WORKOUT vuelve a organizar tecnificaciones durante el Verano 2024.<\/p>\n\n\n\n<div class=\"wp-block-buttons is-content-justification-center is-layout-flex wp-container-core-buttons-is-layout-16018d1d wp-block-buttons-is-layout-flex\">\n<div class=\"wp-block-button\"><a class=\"wp-block-button__link has-text-align-center wp-element-button\" href=\"https:\/\/comengeworkout.com\/es\/inscripciones\/\">Realitzar Inscripci\u00f3<\/a><\/div>\n<\/div>\n\n\n\n<div style=\"height:29px\" aria-hidden=\"true\" class=\"wp-block-spacer\"><\/div>\n\n\n\n<div class=\"wp-block-columns are-vertically-aligned-center is-layout-flex wp-container-core-columns-is-layout-9d6595d7 wp-block-columns-is-layout-flex\">\n<div class=\"wp-block-column is-vertically-aligned-center is-layout-flow wp-block-column-is-layout-flow\">\n<div class=\"wp-block-cover\"><span aria-hidden=\"true\" class=\"wp-block-cover__background has-neve-link-color-background-color has-background-dim-100 has-background-dim\"><\/span><div class=\"wp-block-cover__inner-container is-layout-constrained wp-block-cover-is-layout-constrained\">\n<p class=\"has-text-align-center has-medium-font-size\">Pabell\u00f3n del colegio Maristes de Lleida<\/p>\n\n\n\n<figure class=\"wp-block-image size-full\"><a href=\"https:\/\/www.google.es\/maps\/place\/CE+Maristes+Lleida\/@41.6097968,0.6199233,422m\/data=!3m1!1e3!4m6!3m5!1s0x12a6e012a9642985:0xeb2f3d406f2ca886!8m2!3d41.6097465!4d0.620104!16s%2Fg%2F11b6zsq5jv?entry=ttu&amp;g_ep=EgoyMDI1MDExMC4wIKXMDSoASAFQAw%3D%3D\" target=\"_blank\" rel=\" noreferrer noopener\"><img loading=\"lazy\" decoding=\"async\" width=\"835\" height=\"601\" src=\"https:\/\/comengeworkout.com\/wp-content\/uploads\/2024\/01\/PavelloMaristes.png\" alt=\"\" class=\"wp-image-764\" srcset=\"https:\/\/comengeworkout.com\/wp-content\/uploads\/2024\/01\/PavelloMaristes.png 835w, https:\/\/comengeworkout.com\/wp-content\/uploads\/2024\/01\/PavelloMaristes-300x216.png 300w, https:\/\/comengeworkout.com\/wp-content\/uploads\/2024\/01\/PavelloMaristes-768x553.png 768w, https:\/\/comengeworkout.com\/wp-content\/uploads\/2024\/01\/PavelloMaristes-18x12.png 18w\" sizes=\"auto, (max-width: 835px) 100vw, 835px\" \/><\/a><\/figure>\n<\/div><\/div>\n<\/div>\n\n\n\n<div class=\"wp-block-column is-vertically-aligned-center is-layout-flow wp-block-column-is-layout-flow\">\n<div class=\"wp-block-cover\" style=\"min-height:449px;aspect-ratio:unset;\"><span aria-hidden=\"true\" class=\"wp-block-cover__background has-neve-link-color-background-color has-background-dim-100 has-background-dim\"><\/span><div class=\"wp-block-cover__inner-container is-layout-flow wp-block-cover-is-layout-flow\">\n<p class=\"has-text-align-center has-medium-font-size\">Pabell\u00f3n Municipal \"Els Graus\" de Gerb<\/p>\n\n\n<div class=\"wp-block-image\">\n<figure class=\"aligncenter size-full is-resized\"><a href=\"https:\/\/www.google.com\/maps\/place\/Pavell%C3%B3+Municipal+de+Gerb\/@41.8224373,0.8054054,18.25z\/data=!4m6!3m5!1s0x12a6f10fc0bd0c9b:0xd627e2428d7278ec!8m2!3d41.8223645!4d0.8056608!16s%2Fg%2F11js_h66vr\" target=\"_blank\" rel=\"noreferrer noopener\"><img loading=\"lazy\" decoding=\"async\" width=\"917\" height=\"693\" src=\"https:\/\/comengeworkout.com\/wp-content\/uploads\/2022\/11\/PavelloGerb.png\" alt=\"\" class=\"wp-image-448\" style=\"width:455px;height:auto\" srcset=\"https:\/\/comengeworkout.com\/wp-content\/uploads\/2022\/11\/PavelloGerb.png 917w, https:\/\/comengeworkout.com\/wp-content\/uploads\/2022\/11\/PavelloGerb-300x227.png 300w, https:\/\/comengeworkout.com\/wp-content\/uploads\/2022\/11\/PavelloGerb-768x580.png 768w, https:\/\/comengeworkout.com\/wp-content\/uploads\/2022\/11\/PavelloGerb-16x12.png 16w\" sizes=\"auto, (max-width: 917px) 100vw, 917px\" \/><\/a><\/figure>\n<\/div><\/div><\/div>\n<\/div>\n<\/div>\n\n\n\n<div style=\"height:23px\" aria-hidden=\"true\" class=\"wp-block-spacer\"><\/div>\n<\/div><\/div>\n\n\n\n<div class=\"wp-block-cover alignfull\" style=\"min-height:707px;aspect-ratio:unset;\"><span aria-hidden=\"true\" class=\"wp-block-cover__background has-neve-link-color-background-color has-background-dim-100 has-background-dim\"><\/span><div class=\"wp-block-cover__inner-container is-layout-flow wp-block-cover-is-layout-flow\">\n<div style=\"height:20px\" aria-hidden=\"true\" class=\"wp-block-spacer\"><\/div>\n\n\n\n<h3 class=\"wp-block-heading\">CALENDARIO Y HORAS DISPONIBLES DE ENTRENAMIENTOS<\/h3>\n\n\n\n<p>Fechas: del 20 de junio y hasta el inicio del curso escolar 26\/27 (informaremos con la antelaci\u00f3n suficiente).<\/p>\n\n\n\n<p><strong>Todos los entrenamientos <\/strong>se har\u00e1n en los pabellones de Maristes Lleida y de Gerb.<\/p>\n\n\n\n\n<img decoding=\"async\" src=\"https:\/\/comengeworkout.com\/wp-content\/uploads\/2026\/01\/WhatsApp-Image-2026-01-26-at-11.27.29.jpeg\"\/>\n\n\n\n\n\n<div style=\"height:35px\" aria-hidden=\"true\" class=\"wp-block-spacer\"><\/div>\n\n\n\n<p>Cada sesi\u00f3n es de una hora y media.<br>Los horarios de cada jugador se ajustar\u00e1n a las preferencias de entrenar por las ma\u00f1anas o por las tardes (se pregunta en la hoja de inscripci\u00f3n). Tambi\u00e9n se ajustar\u00e1n en funci\u00f3n del n\u00famero de inscripciones que haya en cada uno de los programas.<\/p>\n\n\n\n<div style=\"height:16px\" aria-hidden=\"true\" class=\"wp-block-spacer\"><\/div>\n<\/div><\/div>\n\n\n\n<div class=\"wp-block-cover alignfull\" style=\"min-height:448px;aspect-ratio:unset;\"><span aria-hidden=\"true\" class=\"wp-block-cover__background has-nv-site-bg-background-color has-background-dim-100 has-background-dim\"><\/span><div class=\"wp-block-cover__inner-container is-layout-flow wp-block-cover-is-layout-flow\">\n<p class=\"has-text-align-center has-large-font-size\"><\/p>\n\n\n\n<h3 class=\"wp-block-heading\">PROGRAMAS DE ENTRENAMIENTO DISPONIBLES PARA ESTAS FECHAS<\/h3>\n\n\n\n<p><br>1.-<strong>1.-PROGRAMA DE ENTRENAMIENTOS INDIVIDUALES CON BORJA COMENGE. <\/strong><br>Recuerda llamar por tel\u00e9fono adem\u00e1s de rellenar la hoja de inscripci\u00f3n.<\/p>\n\n\n\n<p>2.-<strong>PROGRAMA DE ENTRENAMIENTOS EN GRUPO REDUCIDO. <\/strong><\/p>\n\n\n\n<p><\/p>\n<\/div><\/div>\n\n\n\n<div class=\"wp-block-buttons is-layout-flex wp-block-buttons-is-layout-flex\"><\/div>","protected":false},"excerpt":{"rendered":"","protected":false},"author":1,"featured_media":0,"parent":0,"menu_order":0,"comment_status":"closed","ping_status":"closed","template":"","meta":{"neve_meta_sidebar":"","neve_meta_container":"contained","neve_meta_enable_content_width":"on","neve_meta_content_width":95,"neve_meta_title_alignment":"","neve_meta_author_avatar":"","neve_post_elements_order":"","neve_meta_disable_header":"","neve_meta_disable_footer":"","neve_meta_disable_title":"on","footnotes":""},"class_list":["post-674","page","type-page","status-publish","hentry"],"_links":{"self":[{"href":"https:\/\/comengeworkout.com\/es\/wp-json\/wp\/v2\/pages\/674","targetHints":{"allow":["GET"]}}],"collection":[{"href":"https:\/\/comengeworkout.com\/es\/wp-json\/wp\/v2\/pages"}],"about":[{"href":"https:\/\/comengeworkout.com\/es\/wp-json\/wp\/v2\/types\/page"}],"author":[{"embeddable":true,"href":"https:\/\/comengeworkout.com\/es\/wp-json\/wp\/v2\/users\/1"}],"replies":[{"embeddable":true,"href":"https:\/\/comengeworkout.com\/es\/wp-json\/wp\/v2\/comments?post=674"}],"version-history":[{"count":26,"href":"https:\/\/comengeworkout.com\/es\/wp-json\/wp\/v2\/pages\/674\/revisions"}],"predecessor-version":[{"id":957,"href":"https:\/\/comengeworkout.com\/es\/wp-json\/wp\/v2\/pages\/674\/revisions\/957"}],"wp:attachment":[{"href":"https:\/\/comengeworkout.com\/es\/wp-json\/wp\/v2\/media?parent=674"}],"curies":[{"name":"wp","href":"https:\/\/api.w.org\/{rel}","templated":true}]}}