{"id":3,"date":"2022-10-06T20:42:06","date_gmt":"2022-10-06T20:42:06","guid":{"rendered":"http:\/\/comengeworkout.com\/?page_id=3"},"modified":"2024-01-25T20:17:52","modified_gmt":"2024-01-25T20:17:52","slug":"privacy-policy","status":"publish","type":"page","link":"https:\/\/comengeworkout.com\/es\/privacy-policy","title":{"rendered":"Pol\u00edtica de privacidad"},"content":{"rendered":"<div class=\"wp-block-cover alignfull\"><span aria-hidden=\"true\" class=\"wp-block-cover__background has-nv-site-bg-background-color has-background-dim-100 has-background-dim\"><\/span><div class=\"wp-block-cover__inner-container is-layout-flow wp-block-cover-is-layout-flow\">\n<h1 class=\"wp-block-heading\">Pol\u00edtica de privacidad<\/h1>\n\n\n\n<h2 class=\"wp-block-heading has-neve-text-color-color has-text-color\">\u00bfQui\u00e9nes somos?<\/h2>\n\n\n\n<p>Borja Comenge Moncl\u00fas (<strong class=\"privacy-policy-tutorial\">Comenge Workout) amb D.N.I n\u00ba 43741291Y<\/strong>.<\/p>\n\n\n\n<p>Esta Pol\u00edtica de Privacidad establece los t\u00e9rminos en los que COMENGE WORKOUT utiliza y protege la informaci\u00f3n que es proporcionada por sus usuarios en el momento de utilizar su sitio web. Esta compa\u00f1\u00eda est\u00e1 comprometida con la seguridad de los datos de sus usuarios. Cuando le pedimos rellenar los campos de informaci\u00f3n personal con la que pueda ser identificado, lo hacemos asegurando que s\u00f3lo se utilizar\u00e1 de acuerdo con los t\u00e9rminos de este documento. Sin embargo, esta Pol\u00edtica de Privacidad puede cambiar con el tiempo o ser actualizada por lo que le recomendamos y enfatizamos revisar continuamente esta p\u00e1gina para asegurarse de que est\u00e1 de acuerdo con estos cambios.<\/p>\n\n\n\n<h2 class=\"wp-block-heading\">Informaci\u00f3n que es recogida<\/h2>\n\n\n\n<p>Nuestro sitio web no recoge ninguna informaci\u00f3n personal, de contacto o informaci\u00f3n demogr\u00e1fica. En los casos en que se solicite informaci\u00f3n en los formularios de inscripci\u00f3n se guardar\u00e1 temporalmente para su uso durante la actividad. Esta informaci\u00f3n no ser\u00e1 utilizada con fines comerciales, ni compartida con terceros.<\/p>\n\n\n\n<h2 class=\"wp-block-heading\">Cookies<\/h2>\n\n\n\n<p>Una cookie se refiere a un archivo que es enviado con el fin de solicitar permiso para almacenarse en su ordenador, al aceptar este archivo se crea y la cookie sirve entonces para tener informaci\u00f3n respecto al tr\u00e1fico web, y tambi\u00e9n facilita las futuras visitas a una web recurrente. Otra funci\u00f3n que tienen las cookies es que con ellas las web te pueden reconocer individualmente y por tanto ofrecerte el mejor servicio personalizado de su web.<\/p>\n\n\n\n<p>Nuestro sitio web utiliza las cookies para poder identificar las p\u00e1ginas que son visitadas y su frecuencia. Esta informaci\u00f3n es utilizada \u00fanicamente para an\u00e1lisis estad\u00edstico y despu\u00e9s la informaci\u00f3n se elimina de forma permanente. Usted puede eliminar las cookies en cualquier momento desde su ordenador. Sin embargo, las cookies ayudan a proporcionar un mejor servicio de los sitios web, est\u00e1s no dan acceso a informaci\u00f3n de su ordenador ni de usted, a menos que usted as\u00ed lo desee y la proporcione directamente. Usted puede aceptar o negar el uso de cookies, pero la mayor\u00eda de navegadores aceptan cookies autom\u00e1ticamente puesto que sirve para tener un mejor servicio web. Tambi\u00e9n puede cambiar la configuraci\u00f3n de su ordenador para declinar las cookies. Si se declinan es posible que no pueda utilizar algunos de nuestros servicios.<\/p>\n\n\n\n<h2 class=\"wp-block-heading\">Enlaces a terceros<\/h2>\n\n\n\n<p>Este sitio web pudiera contener en lazos otros sitios que pudieran ser de su inter\u00e9s. Cuando usted de clic en estos enlaces y abandone nuestra p\u00e1gina, ya no tenemos control sobre el sitio al que es redirigido y por tanto no somos responsables de los t\u00e9rminos o privacidad ni de la protecci\u00f3n de sus datos en estos otros sitios terceros. Estos sitios est\u00e1n sujetos a sus propias pol\u00edticas de privacidad por lo que es recomendable que los consulte para confirmar que usted est\u00e1 de acuerdo con estas.<\/p>\n\n\n\n<h2 class=\"wp-block-heading\"><strong>Control de su informaci\u00f3n personal<\/strong><\/h2>\n\n\n\n<p>Esta compa\u00f1\u00eda no vender\u00e1, ceder\u00e1 ni distribuir\u00e1 la informaci\u00f3n personal que es recopilada sin su consentimiento, salvo que sea requerido por un juez con orden judicial.<\/p>\n\n\n\n<p>Se reserva el derecho de cambiar los t\u00e9rminos de la presente Pol\u00edtica de Privacidad en cualquier momento.<\/p>\n\n\n\n<p>Esta pol\u00edtica de privacidad se ha generado en&nbsp;<a rel=\"noreferrer noopener\" href=\"https:\/\/politicadeprivacidadplantilla.com\/\" target=\"_blank\">politicadeprivacidadplantilla.com<\/a>.<\/p>\n<\/div><\/div>\n\n\n\n<p><\/p>","protected":false},"excerpt":{"rendered":"","protected":false},"author":1,"featured_media":0,"parent":0,"menu_order":0,"comment_status":"closed","ping_status":"open","template":"","meta":{"neve_meta_sidebar":"","neve_meta_container":"","neve_meta_enable_content_width":"","neve_meta_content_width":0,"neve_meta_title_alignment":"","neve_meta_author_avatar":"","neve_post_elements_order":"","neve_meta_disable_header":"","neve_meta_disable_footer":"","neve_meta_disable_title":"on","footnotes":""},"class_list":["post-3","page","type-page","status-publish","hentry"],"_links":{"self":[{"href":"https:\/\/comengeworkout.com\/es\/wp-json\/wp\/v2\/pages\/3","targetHints":{"allow":["GET"]}}],"collection":[{"href":"https:\/\/comengeworkout.com\/es\/wp-json\/wp\/v2\/pages"}],"about":[{"href":"https:\/\/comengeworkout.com\/es\/wp-json\/wp\/v2\/types\/page"}],"author":[{"embeddable":true,"href":"https:\/\/comengeworkout.com\/es\/wp-json\/wp\/v2\/users\/1"}],"replies":[{"embeddable":true,"href":"https:\/\/comengeworkout.com\/es\/wp-json\/wp\/v2\/comments?post=3"}],"version-history":[{"count":5,"href":"https:\/\/comengeworkout.com\/es\/wp-json\/wp\/v2\/pages\/3\/revisions"}],"predecessor-version":[{"id":754,"href":"https:\/\/comengeworkout.com\/es\/wp-json\/wp\/v2\/pages\/3\/revisions\/754"}],"wp:attachment":[{"href":"https:\/\/comengeworkout.com\/es\/wp-json\/wp\/v2\/media?parent=3"}],"curies":[{"name":"wp","href":"https:\/\/api.w.org\/{rel}","templated":true}]}}