{"id":27,"date":"2022-10-24T20:05:28","date_gmt":"2022-10-24T20:05:28","guid":{"rendered":"https:\/\/comengeworkout.com\/?page_id=27"},"modified":"2024-01-26T05:27:13","modified_gmt":"2024-01-26T05:27:13","slug":"porfolio","status":"publish","type":"page","link":"https:\/\/comengeworkout.com\/es\/porfolio","title":{"rendered":"Metodolog\u00eda"},"content":{"rendered":"<div class=\"wp-block-cover alignfull\"><span aria-hidden=\"true\" class=\"wp-block-cover__background has-neve-link-color-background-color has-background-dim-100 has-background-dim\"><\/span><div class=\"wp-block-cover__inner-container is-layout-flow wp-block-cover-is-layout-flow\">\n<div style=\"height:71px\" aria-hidden=\"true\" class=\"wp-block-spacer\"><\/div>\n\n\n\n<h1 class=\"wp-block-heading\">Principios Generales<\/h1>\n\n\n\n<div class=\"wp-block-columns is-layout-flex wp-container-core-columns-is-layout-9d6595d7 wp-block-columns-is-layout-flex\">\n<div class=\"wp-block-column is-layout-flow wp-block-column-is-layout-flow\">\n<ul class=\"wp-block-list\">\n<li>No queremos ser COMPETENCIA de los clubs sino que queremos a\u00f1adir un servicio COMPLEMENTARIO a lo que los clubs pueden ofrecer a sus jugadores y jugadoras.<\/li>\n\n\n\n<li>Todos los jugadores y jugadoras con licencia deben tener el permiso de sus clubes para poder participar en nuestros programas de entrenamiento.<\/li>\n\n\n\n<li>Los programas de entrenamiento se llevar\u00e1n a cabo durante los per\u00edodos de par\u00f3n de las competiciones: Navidad, Semana Santa y Verano.<\/li>\n\n\n\n<li>Queremos personalizar al m\u00e1ximo todos los contenidos de trabajo, horarios, etc.<\/li>\n\n\n\n<li>Queremos dar herramientas a los jugadores y jugadoras para que aprendan a auto entrenarse: ejercicios, rutinas, \u2026 y conseguir as\u00ed que el proceso de mejora contin\u00fae una vez finalizado su programa presencial con nosotros.<\/li>\n<\/ul>\n<\/div>\n\n\n\n<div class=\"wp-block-column is-layout-flow wp-block-column-is-layout-flow\"><div class=\"wp-block-image is-style-default\">\n<figure class=\"aligncenter size-large\"><img loading=\"lazy\" decoding=\"async\" width=\"1024\" height=\"683\" src=\"https:\/\/comengeworkout.com\/wp-content\/uploads\/2022\/10\/Valencia-entrenament-1024x683.jpg\" alt=\"\" class=\"wp-image-139\" srcset=\"https:\/\/comengeworkout.com\/wp-content\/uploads\/2022\/10\/Valencia-entrenament-1024x683.jpg 1024w, https:\/\/comengeworkout.com\/wp-content\/uploads\/2022\/10\/Valencia-entrenament-300x200.jpg 300w, https:\/\/comengeworkout.com\/wp-content\/uploads\/2022\/10\/Valencia-entrenament-768x512.jpg 768w, https:\/\/comengeworkout.com\/wp-content\/uploads\/2022\/10\/Valencia-entrenament-930x620.jpg 930w, https:\/\/comengeworkout.com\/wp-content\/uploads\/2022\/10\/Valencia-entrenament.jpg 1050w\" sizes=\"auto, (max-width: 1024px) 100vw, 1024px\" \/><\/figure>\n<\/div><\/div>\n<\/div>\n<\/div><\/div>\n\n\n\n<div class=\"wp-block-cover alignfull\"><span aria-hidden=\"true\" class=\"wp-block-cover__background has-nv-site-bg-background-color has-background-dim-100 has-background-dim\"><\/span><div class=\"wp-block-cover__inner-container is-layout-flow wp-block-cover-is-layout-flow\">\n<div class=\"wp-block-columns is-layout-flex wp-container-core-columns-is-layout-9d6595d7 wp-block-columns-is-layout-flex\">\n<div class=\"wp-block-column is-layout-flow wp-block-column-is-layout-flow\">\n<div class=\"wp-block-group\"><div class=\"wp-block-group__inner-container is-layout-constrained wp-block-group-is-layout-constrained\">\n<div style=\"height:43px\" aria-hidden=\"true\" class=\"wp-block-spacer\"><\/div>\n\n\n\n<h1 class=\"wp-block-heading has-text-align-left\">Objetivos<\/h1>\n\n\n\n<h3 class=\"wp-block-heading\">Los objetivos de trabajo se basan en la mejora de:<\/h3>\n\n\n\n<ul class=\"wp-block-list\">\n<li>Los fundamentos b\u00e1sicos ofensivos y defensivos.<\/li>\n\n\n\n<li>La lectura del juego, por este motivo le damos tanta importancia al trabajo en grupos reducidos.<\/li>\n<\/ul>\n\n\n\n<h3 class=\"wp-block-heading\">Los objetivos de trabajo pueden ser:<\/h3>\n\n\n\n<ul class=\"wp-block-list\">\n<li>Establecidos por nosotros (los entrenadores de la Academia).<\/li>\n\n\n\n<li>Establecidos por el propio jugador\/a: nosotros elaboraremos un programa personalizado en funci\u00f3n de la demanda que el jugador\/a tenga.<\/li>\n<\/ul>\n<\/div><\/div>\n<\/div>\n\n\n\n<div class=\"wp-block-column is-layout-flow wp-block-column-is-layout-flow\">\n<div style=\"height:43px\" aria-hidden=\"true\" class=\"wp-block-spacer\"><\/div>\n\n\n\n<figure class=\"wp-block-image size-large\"><img loading=\"lazy\" decoding=\"async\" width=\"683\" height=\"1024\" src=\"https:\/\/comengeworkout.com\/wp-content\/uploads\/2022\/10\/jugadora_espaldas-683x1024.jpg\" alt=\"\" class=\"wp-image-167\" srcset=\"https:\/\/comengeworkout.com\/wp-content\/uploads\/2022\/10\/jugadora_espaldas-683x1024.jpg 683w, https:\/\/comengeworkout.com\/wp-content\/uploads\/2022\/10\/jugadora_espaldas-200x300.jpg 200w, https:\/\/comengeworkout.com\/wp-content\/uploads\/2022\/10\/jugadora_espaldas-768x1152.jpg 768w, https:\/\/comengeworkout.com\/wp-content\/uploads\/2022\/10\/jugadora_espaldas-1024x1536.jpg 1024w, https:\/\/comengeworkout.com\/wp-content\/uploads\/2022\/10\/jugadora_espaldas-1365x2048.jpg 1365w, https:\/\/comengeworkout.com\/wp-content\/uploads\/2022\/10\/jugadora_espaldas-scaled.jpg 1707w\" sizes=\"auto, (max-width: 683px) 100vw, 683px\" \/><\/figure>\n<\/div>\n<\/div>\n<\/div><\/div>\n\n\n\n<div class=\"wp-block-cover alignfull\" style=\"min-height:300px;aspect-ratio:unset;\"><span aria-hidden=\"true\" class=\"wp-block-cover__background has-neve-link-color-background-color has-background-dim-100 has-background-dim\"><\/span><div class=\"wp-block-cover__inner-container is-layout-flow wp-block-cover-is-layout-flow\">\n<div class=\"wp-block-group\"><div class=\"wp-block-group__inner-container is-layout-flow wp-block-group-is-layout-flow\">\n<div style=\"height:29px\" aria-hidden=\"true\" class=\"wp-block-spacer\"><\/div>\n\n\n\n<h1 class=\"wp-block-heading has-text-align-left has-neve-text-color-color has-text-color\">Metodolog\u00eda<\/h1>\n\n\n\n<ul class=\"wp-block-list\">\n<li>Sesiones de 60' o de 90' en funci\u00f3n de los objetivos de trabajo.<\/li>\n\n\n\n<li>Nos basamos en el feedback individualizado tanto para CORREGIR como para REFORZAR los contenidos de aprendizaje y mejora.<\/li>\n\n\n\n<li>Utilizamos soporte audiovisual para que el jugador tenga feedback visual sobre c\u00f3mo ejecuta las acciones t\u00e9cnicas.<\/li>\n<\/ul>\n<\/div><\/div>\n<\/div><\/div>","protected":false},"excerpt":{"rendered":"","protected":false},"author":1,"featured_media":0,"parent":0,"menu_order":0,"comment_status":"closed","ping_status":"closed","template":"","meta":{"neve_meta_sidebar":"","neve_meta_container":"","neve_meta_enable_content_width":"on","neve_meta_content_width":100,"neve_meta_title_alignment":"","neve_meta_author_avatar":"","neve_post_elements_order":"","neve_meta_disable_header":"","neve_meta_disable_footer":"","neve_meta_disable_title":"on","footnotes":""},"class_list":["post-27","page","type-page","status-publish","hentry"],"_links":{"self":[{"href":"https:\/\/comengeworkout.com\/es\/wp-json\/wp\/v2\/pages\/27","targetHints":{"allow":["GET"]}}],"collection":[{"href":"https:\/\/comengeworkout.com\/es\/wp-json\/wp\/v2\/pages"}],"about":[{"href":"https:\/\/comengeworkout.com\/es\/wp-json\/wp\/v2\/types\/page"}],"author":[{"embeddable":true,"href":"https:\/\/comengeworkout.com\/es\/wp-json\/wp\/v2\/users\/1"}],"replies":[{"embeddable":true,"href":"https:\/\/comengeworkout.com\/es\/wp-json\/wp\/v2\/comments?post=27"}],"version-history":[{"count":53,"href":"https:\/\/comengeworkout.com\/es\/wp-json\/wp\/v2\/pages\/27\/revisions"}],"predecessor-version":[{"id":812,"href":"https:\/\/comengeworkout.com\/es\/wp-json\/wp\/v2\/pages\/27\/revisions\/812"}],"wp:attachment":[{"href":"https:\/\/comengeworkout.com\/es\/wp-json\/wp\/v2\/media?parent=27"}],"curies":[{"name":"wp","href":"https:\/\/api.w.org\/{rel}","templated":true}]}}