{"id":25,"date":"2022-10-24T20:05:28","date_gmt":"2022-10-24T20:05:28","guid":{"rendered":"https:\/\/comengeworkout.com\/?page_id=25"},"modified":"2026-01-26T19:31:14","modified_gmt":"2026-01-26T19:31:14","slug":"nosotros","status":"publish","type":"page","link":"https:\/\/comengeworkout.com\/es\/nosotros","title":{"rendered":"Sobre Nosotros"},"content":{"rendered":"<div class=\"wp-block-cover alignfull\" style=\"min-height:600px;aspect-ratio:unset;\"><span aria-hidden=\"true\" class=\"wp-block-cover__background has-neve-link-color-background-color has-background-dim-100 has-background-dim\"><\/span><div class=\"wp-block-cover__inner-container is-layout-flow wp-block-cover-is-layout-flow\">\n<div class=\"wp-block-group\"><div class=\"wp-block-group__inner-container is-layout-flow wp-block-group-is-layout-flow\">\n<div style=\"height:80px\" aria-hidden=\"true\" class=\"wp-block-spacer\"><\/div>\n\n\n\n<div class=\"wp-block-columns are-vertically-aligned-center is-layout-flex wp-container-core-columns-is-layout-9d6595d7 wp-block-columns-is-layout-flex\">\n<div class=\"wp-block-column is-vertically-aligned-center is-layout-flow wp-block-column-is-layout-flow\" style=\"flex-basis:50%\">\n<figure class=\"wp-block-image size-full is-style-rounded\"><img loading=\"lazy\" decoding=\"async\" width=\"374\" height=\"450\" src=\"https:\/\/comengeworkout.com\/wp-content\/uploads\/2022\/10\/Borja.png\" alt=\"\" class=\"wp-image-125\" srcset=\"https:\/\/comengeworkout.com\/wp-content\/uploads\/2022\/10\/Borja.png 374w, https:\/\/comengeworkout.com\/wp-content\/uploads\/2022\/10\/Borja-249x300.png 249w\" sizes=\"auto, (max-width: 374px) 100vw, 374px\" \/><\/figure>\n<\/div>\n\n\n\n<div class=\"wp-block-column is-vertically-aligned-center is-layout-flow wp-block-column-is-layout-flow\" style=\"flex-basis:50%\">\n<h2 class=\"wp-block-heading has-neve-text-color-color has-text-color\">Borja Comenge<\/h2>\n\n\n\n<h3 class=\"wp-block-heading has-neve-text-color-color has-text-color\"><\/h3>\n\n\n\n<p><\/p>\n\n\n\n<p>-2025\/2026: Entrenador del Amara Lleida (U22 ACB). <\/p>\n\n\n\n<p>-2024\/2025: Entrenador del C.B.Tarragona de FEB-2.<\/p>\n\n\n\n<p>-2023\/2024: Entrenador del J\u00fanior Preferente del For\u00e7a Lleida.<\/p>\n\n\n\n<p>-2022\/2023: Entrenador del J\u00fanior de primer a\u00f1o del For\u00e7a Lleida.<\/p>\n\n\n\n<p>-Veranos del 2022 al 2025: Entrenador ayudante de la <strong>Selecci\u00f3n Espa\u00f1ola B.<\/strong><\/p>\n\n\n\n<p class=\"translation-block\">-2021 \/ 2023 : Ayudante de <strong>Scouting del L\u00f6wen Braunschweig<\/strong><\/p>\n\n\n\n<p>( 1\u00aa Divisi\u00f3n Alemana).<\/p>\n\n\n\n<p class=\"translation-block\">-2018\/2021: Segundo Entrenador del Valencia Basket<\/p>\n\n\n\n<p>Euroliga y Liga ACB. Entrenador del equipo: Jaume Ponsarnau. <em>Entrenador del equipo: Jaume Ponsarnau.<\/em><\/p>\n\n\n\n<p>-2016\/2018: Entrenador del For\u00e7a Lleida. LEB Oro<strong> .<\/strong>.<\/p>\n\n\n\n<p>-2014\/2016: Coordinador Deportivo del SASKI Baskonia. Euroliga y Liga ACB. <strong>SASKI Baskonia<\/strong>. Euroliga y Liga ACB.<\/p>\n\n\n\n<p class=\"translation-block\">-2013\/2014: Entrenador de la BRUIXA D'OR MANRESA. Liga ACB.<\/p>\n\n\n\n<p class=\"translation-block\">-2010\/2013: Entrenador del F.C.BARCELONA \"B\". Liga Leb Oro. Y Director T\u00e9cnico de la cantera del F.C.BARCELONA.<\/p>\n\n\n\n<p><\/p>\n<\/div>\n<\/div>\n\n\n\n<div style=\"height:40px\" aria-hidden=\"true\" class=\"wp-block-spacer\"><\/div>\n<\/div><\/div>\n<\/div><\/div>\n\n\n\n<div class=\"wp-block-cover alignfull\" style=\"min-height:420px;aspect-ratio:unset;\"><span aria-hidden=\"true\" class=\"wp-block-cover__background has-nv-site-bg-background-color has-background-dim-100 has-background-dim\"><\/span><div class=\"wp-block-cover__inner-container is-layout-flow wp-block-cover-is-layout-flow\">\n<div style=\"height:80px\" aria-hidden=\"true\" class=\"wp-block-spacer\"><\/div>\n\n\n\n<h2 class=\"wp-block-heading\">Nuestro Equipo<\/h2>\n\n\n\n<div class=\"wp-block-columns is-layout-flex wp-container-core-columns-is-layout-9d6595d7 wp-block-columns-is-layout-flex\">\n<div class=\"wp-block-column is-layout-flow wp-block-column-is-layout-flow\">\n<figure class=\"wp-block-image size-large is-style-rounded\"><img loading=\"lazy\" decoding=\"async\" width=\"1024\" height=\"1024\" src=\"https:\/\/comengeworkout.com\/wp-content\/uploads\/2022\/11\/Ramon-1-1024x1024.jpg\" alt=\"\" class=\"wp-image-294\" srcset=\"https:\/\/comengeworkout.com\/wp-content\/uploads\/2022\/11\/Ramon-1-1024x1024.jpg 1024w, https:\/\/comengeworkout.com\/wp-content\/uploads\/2022\/11\/Ramon-1-300x300.jpg 300w, https:\/\/comengeworkout.com\/wp-content\/uploads\/2022\/11\/Ramon-1-150x150.jpg 150w, https:\/\/comengeworkout.com\/wp-content\/uploads\/2022\/11\/Ramon-1-768x768.jpg 768w, https:\/\/comengeworkout.com\/wp-content\/uploads\/2022\/11\/Ramon-1-12x12.jpg 12w, https:\/\/comengeworkout.com\/wp-content\/uploads\/2022\/11\/Ramon-1.jpg 1318w\" sizes=\"auto, (max-width: 1024px) 100vw, 1024px\" \/><\/figure>\n\n\n\n<div style=\"height:16px\" aria-hidden=\"true\" class=\"wp-block-spacer\"><\/div>\n\n\n\n<h3 class=\"wp-block-heading has-text-align-center has-neve-text-color-color has-text-color\">Ram\u00f3n Navarro<\/h3>\n\n\n\n<p>Entrenador Superior con m\u00e1s de 20 a\u00f1os de experiencia y que ha pasado por las diferentes categor\u00edas de formaci\u00f3n en los clubes de Pe\u00f1a Fragatina, For\u00e7a Lleida y Lucentum Alicante. <\/p>\n\n\n\n<p>Actualmente primer entrenador del Mini femenino del C.B.Pe\u00f1a Fragatina<\/p>\n\n\n\n<div style=\"height:20px\" aria-hidden=\"true\" class=\"wp-block-spacer\"><\/div>\n<\/div>\n\n\n\n<div class=\"wp-block-column is-layout-flow wp-block-column-is-layout-flow\">\n<figure class=\"wp-block-image size-full is-resized is-style-rounded\"><img loading=\"lazy\" decoding=\"async\" width=\"350\" height=\"350\" src=\"https:\/\/comengeworkout.com\/wp-content\/uploads\/2022\/11\/sergi.png\" alt=\"\" class=\"wp-image-475\" srcset=\"https:\/\/comengeworkout.com\/wp-content\/uploads\/2022\/11\/sergi.png 350w, https:\/\/comengeworkout.com\/wp-content\/uploads\/2022\/11\/sergi-300x300.png 300w, https:\/\/comengeworkout.com\/wp-content\/uploads\/2022\/11\/sergi-150x150.png 150w, https:\/\/comengeworkout.com\/wp-content\/uploads\/2022\/11\/sergi-12x12.png 12w\" sizes=\"auto, (max-width: 350px) 100vw, 350px\" \/><\/figure>\n\n\n\n<p><\/p>\n\n\n\n<h3 class=\"wp-block-heading has-text-align-center has-neve-text-color-color has-text-color\">Sergi Fern\u00e1ndez<\/h3>\n\n\n\n<p>Entrenador Superior de baloncesto.<\/p>\n\n\n\n<p>Ha etrenado en todas las categor\u00edas, principalmente en el For\u00e7a Lleida y en el C.B.Balaguer.<\/p>\n\n\n\n<p>Actualmente es el entrenador del S\u00e9nior masculino de 2\u00aa catalana del For\u00e7a Lleida y tambi\u00e9n es entrenador ayudante del J\u00fanior Preferente masculino.<\/p>\n\n\n\n<div style=\"height:20px\" aria-hidden=\"true\" class=\"wp-block-spacer\"><\/div>\n<\/div>\n\n\n\n<div class=\"wp-block-column is-layout-flow wp-block-column-is-layout-flow\">\n<figure class=\"wp-block-image size-medium is-resized is-style-rounded\"><img loading=\"lazy\" decoding=\"async\" width=\"300\" height=\"300\" src=\"https:\/\/comengeworkout.com\/wp-content\/uploads\/2023\/04\/olaupallas-300x300.jpeg\" alt=\"\" class=\"wp-image-618\" srcset=\"https:\/\/comengeworkout.com\/wp-content\/uploads\/2023\/04\/olaupallas-300x300.jpeg 300w, https:\/\/comengeworkout.com\/wp-content\/uploads\/2023\/04\/olaupallas-1024x1024.jpeg 1024w, https:\/\/comengeworkout.com\/wp-content\/uploads\/2023\/04\/olaupallas-150x150.jpeg 150w, https:\/\/comengeworkout.com\/wp-content\/uploads\/2023\/04\/olaupallas-768x768.jpeg 768w, https:\/\/comengeworkout.com\/wp-content\/uploads\/2023\/04\/olaupallas-12x12.jpeg 12w, https:\/\/comengeworkout.com\/wp-content\/uploads\/2023\/04\/olaupallas.jpeg 1288w\" sizes=\"auto, (max-width: 300px) 100vw, 300px\" \/><\/figure>\n\n\n\n<p><\/p>\n\n\n\n<h3 class=\"wp-block-heading has-text-align-center has-neve-text-color-color has-text-color\">Olau Pall\u00e0s<\/h3>\n\n\n\n<p>Entrenador nivel 1.<\/p>\n\n\n\n<p>Entrenador del infantil provincial del For\u00e7a Lleida.<\/p>\n\n\n\n<p>Entrenador ayudante en PDP Lleida Centre.<\/p>\n\n\n\n<p>Jugador del s\u00e9nior masculino del 2\u00aa Catalana del For\u00e7a Lleida.<\/p>\n\n\n\n<div style=\"height:20px\" aria-hidden=\"true\" class=\"wp-block-spacer\"><\/div>\n<\/div>\n<\/div>\n\n\n\n<div class=\"wp-block-columns is-layout-flex wp-container-core-columns-is-layout-9d6595d7 wp-block-columns-is-layout-flex\">\n<div class=\"wp-block-column is-layout-flow wp-block-column-is-layout-flow\">\n<figure class=\"wp-block-image size-large is-style-rounded\"><img loading=\"lazy\" decoding=\"async\" width=\"1024\" height=\"1024\" src=\"https:\/\/comengeworkout.com\/wp-content\/uploads\/2023\/05\/WhatsApp-Image-2023-05-07-at-17.42.05-1024x1024.jpeg\" alt=\"\" class=\"wp-image-628\" srcset=\"https:\/\/comengeworkout.com\/wp-content\/uploads\/2023\/05\/WhatsApp-Image-2023-05-07-at-17.42.05-1024x1024.jpeg 1024w, https:\/\/comengeworkout.com\/wp-content\/uploads\/2023\/05\/WhatsApp-Image-2023-05-07-at-17.42.05-300x300.jpeg 300w, https:\/\/comengeworkout.com\/wp-content\/uploads\/2023\/05\/WhatsApp-Image-2023-05-07-at-17.42.05-150x150.jpeg 150w, https:\/\/comengeworkout.com\/wp-content\/uploads\/2023\/05\/WhatsApp-Image-2023-05-07-at-17.42.05-768x768.jpeg 768w, https:\/\/comengeworkout.com\/wp-content\/uploads\/2023\/05\/WhatsApp-Image-2023-05-07-at-17.42.05-1536x1536.jpeg 1536w, https:\/\/comengeworkout.com\/wp-content\/uploads\/2023\/05\/WhatsApp-Image-2023-05-07-at-17.42.05-12x12.jpeg 12w, https:\/\/comengeworkout.com\/wp-content\/uploads\/2023\/05\/WhatsApp-Image-2023-05-07-at-17.42.05.jpeg 1758w\" sizes=\"auto, (max-width: 1024px) 100vw, 1024px\" \/><\/figure>\n\n\n\n<h3 class=\"wp-block-heading has-text-align-center\">Isaac Torres<\/h3>\n\n\n\n<p>Entrenador nivel dos.<\/p>\n\n\n\n<p>Actualmente entrenando al primera catalana del C.B.Bellpuig.<\/p>\n\n\n\n<p>Coordinador y miembro de la junta del C.B.Bellpuig.<\/p>\n\n\n\n<p>Ha entrenado en la base del club y tambi\u00e9n en otros durante m\u00e1s de diez a\u00f1os.<\/p>\n\n\n\n<p>Profesor de primaria especializado en Educaci\u00f3n F\u00edsica.<\/p>\n<\/div>\n\n\n\n<div class=\"wp-block-column is-layout-flow wp-block-column-is-layout-flow\">\n<figure class=\"wp-block-image size-full is-style-rounded\"><img loading=\"lazy\" decoding=\"async\" width=\"800\" height=\"800\" src=\"https:\/\/comengeworkout.com\/wp-content\/uploads\/2024\/01\/paulapla-1.jpg\" alt=\"\" class=\"wp-image-757\" srcset=\"https:\/\/comengeworkout.com\/wp-content\/uploads\/2024\/01\/paulapla-1.jpg 800w, https:\/\/comengeworkout.com\/wp-content\/uploads\/2024\/01\/paulapla-1-300x300.jpg 300w, https:\/\/comengeworkout.com\/wp-content\/uploads\/2024\/01\/paulapla-1-150x150.jpg 150w, https:\/\/comengeworkout.com\/wp-content\/uploads\/2024\/01\/paulapla-1-768x768.jpg 768w, https:\/\/comengeworkout.com\/wp-content\/uploads\/2024\/01\/paulapla-1-12x12.jpg 12w\" sizes=\"auto, (max-width: 800px) 100vw, 800px\" \/><\/figure>\n\n\n\n<h3 class=\"wp-block-heading has-text-align-center\">Paula Pla<\/h3>\n\n\n\n<p>Entrenadora nacional.<\/p>\n\n\n\n<p>Actualmente entrenando al cadete masculino interterritorial del C.B.Mollerussa y responsable del PDP Lleida Comarques femenino.<\/p>\n\n\n\n<p>Ha entrenado desde escuela a s\u00e9nior en diferentes clubs del territorio desde hace 10 a\u00f1os.<\/p>\n<\/div>\n\n\n\n<div class=\"wp-block-column is-layout-flow wp-block-column-is-layout-flow\">\n<figure class=\"wp-block-image size-full is-style-rounded\"><img loading=\"lazy\" decoding=\"async\" width=\"465\" height=\"465\" src=\"https:\/\/comengeworkout.com\/wp-content\/uploads\/2024\/01\/entrenador.jpg\" alt=\"\" class=\"wp-image-758\" srcset=\"https:\/\/comengeworkout.com\/wp-content\/uploads\/2024\/01\/entrenador.jpg 465w, https:\/\/comengeworkout.com\/wp-content\/uploads\/2024\/01\/entrenador-300x300.jpg 300w, https:\/\/comengeworkout.com\/wp-content\/uploads\/2024\/01\/entrenador-150x150.jpg 150w, https:\/\/comengeworkout.com\/wp-content\/uploads\/2024\/01\/entrenador-12x12.jpg 12w\" sizes=\"auto, (max-width: 465px) 100vw, 465px\" \/><\/figure>\n\n\n\n<h3 class=\"wp-block-heading has-text-align-center\">Oriol Torreguitart<\/h3>\n\n\n\n<p>Entrenador nivel dos.<\/p>\n\n\n\n<p>Graduado en Ciencias de la Actividad F\u00edsica y el Deporte.<\/p>\n\n\n\n<p>Actualmente entrenador de dos equipos femeninos de formaci\u00f3n del CB.Mollerussa adem\u00e1s de ser jugador del s\u00e9nior masculino del CB:Bellpuig.<\/p>\n\n\n\n<p>Con experiencia tambi\u00e9n como entrenador ayudante en categor\u00edas como la J\u00fanior Preferente y ayudante en tareas de \"scouting\" en Copa Catalunya.<\/p>\n\n\n\n<p><\/p>\n<\/div>\n<\/div>\n\n\n\n<div style=\"height:30px\" aria-hidden=\"true\" class=\"wp-block-spacer\"><\/div>\n<\/div><\/div>\n\n\n<\/p>","protected":false},"excerpt":{"rendered":"","protected":false},"author":1,"featured_media":0,"parent":0,"menu_order":0,"comment_status":"closed","ping_status":"closed","template":"","meta":{"neve_meta_sidebar":"","neve_meta_container":"","neve_meta_enable_content_width":"on","neve_meta_content_width":100,"neve_meta_title_alignment":"","neve_meta_author_avatar":"","neve_post_elements_order":"","neve_meta_disable_header":"","neve_meta_disable_footer":"","neve_meta_disable_title":"on","footnotes":""},"class_list":["post-25","page","type-page","status-publish","hentry"],"_links":{"self":[{"href":"https:\/\/comengeworkout.com\/es\/wp-json\/wp\/v2\/pages\/25","targetHints":{"allow":["GET"]}}],"collection":[{"href":"https:\/\/comengeworkout.com\/es\/wp-json\/wp\/v2\/pages"}],"about":[{"href":"https:\/\/comengeworkout.com\/es\/wp-json\/wp\/v2\/types\/page"}],"author":[{"embeddable":true,"href":"https:\/\/comengeworkout.com\/es\/wp-json\/wp\/v2\/users\/1"}],"replies":[{"embeddable":true,"href":"https:\/\/comengeworkout.com\/es\/wp-json\/wp\/v2\/comments?post=25"}],"version-history":[{"count":73,"href":"https:\/\/comengeworkout.com\/es\/wp-json\/wp\/v2\/pages\/25\/revisions"}],"predecessor-version":[{"id":939,"href":"https:\/\/comengeworkout.com\/es\/wp-json\/wp\/v2\/pages\/25\/revisions\/939"}],"wp:attachment":[{"href":"https:\/\/comengeworkout.com\/es\/wp-json\/wp\/v2\/media?parent=25"}],"curies":[{"name":"wp","href":"https:\/\/api.w.org\/{rel}","templated":true}]}}